{"id":1380,"date":"2024-09-16T10:14:20","date_gmt":"2024-09-16T08:14:20","guid":{"rendered":"https:\/\/legfit.ch\/datenschutzerklaerung\/"},"modified":"2024-09-16T10:30:57","modified_gmt":"2024-09-16T08:30:57","slug":"datenschutzerklaerung","status":"publish","type":"page","link":"https:\/\/legfit.ch\/de\/datenschutzerklaerung\/","title":{"rendered":"Datenschutzerkl\u00e4rung"},"content":{"rendered":"\t\t<div data-elementor-type=\"wp-page\" data-elementor-id=\"1380\" class=\"elementor elementor-1380 elementor-1376\" data-elementor-post-type=\"page\">\n\t\t\t\t\t\t<section class=\"elementor-section elementor-top-section elementor-element elementor-element-4a24e59e elementor-section-boxed elementor-section-height-default elementor-section-height-default\" data-id=\"4a24e59e\" data-element_type=\"section\" data-e-type=\"section\">\n\t\t\t\t\t\t<div class=\"elementor-container elementor-column-gap-default\">\n\t\t\t\t\t<div class=\"elementor-column elementor-col-100 elementor-top-column elementor-element elementor-element-354a2c6f\" data-id=\"354a2c6f\" data-element_type=\"column\" data-e-type=\"column\">\n\t\t\t<div class=\"elementor-widget-wrap elementor-element-populated\">\n\t\t\t\t\t\t<div class=\"elementor-element elementor-element-6baa4f49 elementor-widget__width-initial elementor-widget elementor-widget-text-editor\" data-id=\"6baa4f49\" data-element_type=\"widget\" data-e-type=\"widget\" data-widget_type=\"text-editor.default\">\n\t\t\t\t<div class=\"elementor-widget-container\">\n\t\t\t\t\t\t\t\t\t<h1 class=\"wp-block wp-block-post-title block-editor-block-list__block editor-post-title editor-post-title__input rich-text\" role=\"textbox\" contenteditable=\"true\" aria-label=\"Add title\" aria-multiline=\"true\">Datenschutzerkl\u00e4rung<\/h1>\r\n<h2>Wer wir sind<\/h2>\r\n<strong>ICU tech GmbH<\/strong>\r\nBahnhofstrasse 2\r\nCH-3534 Signau\r\nUnsere E-Mail Adresse ist: sales@icutech.ch\r\nUnsere Adresse der Website ist: https:\/\/www.icuweblog.ch.\r\n<h2>Kommentare<\/h2>\r\nWenn Besucher Kommentare auf der Website hinterlassen, erfassen wir die im Kommentarformular angezeigten Daten sowie die IP-Adresse des Besuchers und die Zeichenfolge des Browser-Benutzers, um die Spam-Erkennung zu unterst\u00fctzen.\r\n\r\nEine anonymisierte Zeichenfolge, die aus Ihrer E-Mail-Adresse erstellt wird (auch Hash genannt), kann dem Gravatar-Dienst zur Verf\u00fcgung gestellt werden, um zu sehen, ob Sie ihn benutzen. Die Datenschutzrichtlinien des Gravatar-Dienstes finden Sie hier: https:\/\/automattic.com\/privacy\/. Nach der Freigabe Ihres Kommentars ist Ihr Profilbild im Zusammenhang mit Ihrem Kommentar \u00f6ffentlich sichtbar.\r\n<h2>Medien<\/h2>\r\nWenn Sie Bilder auf die Website hochladen, sollten Sie es vermeiden, Bilder hochzuladen, die eingebettete Standortdaten (EXIF-GPS) enthalten. Die Besucher der Website k\u00f6nnen alle Standortdaten von den Bildern auf der Website herunterladen und extrahieren.\r\n<h2>Cookies<\/h2>\r\nWenn Sie einen Kommentar auf unserer Website hinterlassen, k\u00f6nnen Sie sich damit einverstanden erkl\u00e4ren, dass Ihr Name, Ihre E-Mail-Adresse und Ihre Website in Cookies gespeichert werden. Diese dienen Ihrer Bequemlichkeit, damit Sie Ihre Daten nicht erneut eingeben m\u00fcssen, wenn Sie einen weiteren Kommentar hinterlassen. Diese Cookies sind ein Jahr lang g\u00fcltig.\r\n\r\nWenn Sie unsere Anmeldeseite besuchen, setzen wir ein tempor\u00e4res Cookie, um festzustellen, ob Ihr Browser Cookies zul\u00e4sst. Dieses Cookie enth\u00e4lt keine pers\u00f6nlichen Daten und wird gel\u00f6scht, wenn Sie Ihren Browser schlie\u00dfen.\r\n\r\nWenn Sie sich anmelden, setzen wir au\u00dferdem mehrere Cookies, um Ihre Anmeldeinformationen und die von Ihnen gew\u00e4hlte Bildschirmdarstellung zu speichern. Die Anmelde-Cookies bleiben zwei Tage lang gespeichert, die Cookies f\u00fcr die Bildschirmoptionen ein Jahr lang. Wenn Sie &#8222;Remember Me&#8220; w\u00e4hlen, bleibt Ihre Anmeldung zwei Wochen lang erhalten. Wenn Sie sich von Ihrem Konto abmelden, werden die Anmelde-Cookies entfernt.\r\n\r\nWenn Sie einen Artikel bearbeiten oder ver\u00f6ffentlichen, wird ein weiteres Cookie in Ihrem Browser gespeichert. Dieses Cookie enth\u00e4lt keine pers\u00f6nlichen Daten und zeigt lediglich die Post-ID des Artikels an, den Sie gerade bearbeitet haben. Er verf\u00e4llt nach 1 Tag.\r\n<h2>Kontakt Formular<\/h2>\r\n<div>\r\n\r\nSie k\u00f6nnen uns direkt \u00fcber ein Kontaktformular auf unserer Website kontaktieren. Es besteht auch die M\u00f6glichkeit, ihr Legfit relax Ger\u00e4t zu registrieren.\r\n\r\nNach Absenden des Kontaktformulars oder der Produkt Registration verarbeitet ICU tech die von Ihnen eingegebenen Daten, um Ihre Anfrage oder Produkt Registration zu bearbeiten.\r\n\r\nEs besteht keine gesetzliche oder vertragliche Verpflichtung zur Bereitstellung personenbezogener Daten. Die Nichtbereitstellung der Daten hat lediglich zur Folge, dass Sie Ihre Anfrage oder Produkt Registration nicht an uns senden k\u00f6nnen und wir diese nicht bearbeiten k\u00f6nnen. Eine Weitergabe der Daten an Dritte erfolgt nicht.\r\n<h2>Schutz der Website<\/h2>\r\nUnsere Webseite wird durch reCAPTCHA gesch\u00fctzt. Bitte beachten Sie die\u00a0 <a href=\"https:\/\/policies.google.com\/privacy?hl=de\" target=\"_blank\" rel=\"noopener\">Datenschutzerkl\u00e4rung reCAPTCHA<\/a>.\r\n\r\n<\/div>\r\n<h2>WPML<\/h2>\r\nWPML verwendet Cookies, um die aktuelle Sprache des Besuchers, die zuletzt besuchte Sprache und die Sprache der eingeloggten Benutzer zu identifizieren.\r\n\r\nW\u00e4hrend Sie das Plugin verwenden, gibt WPML \u00fcber den Installer Daten \u00fcber die Website weiter. Es werden keine Daten \u00fcber den Benutzer selbst weitergegeben.\r\n<div>\r\n<h2>WPML Media Translation<\/h2>\r\nWPML Media Translation sendet die E-Mail-Adresse und den Namen jedes Managers und zugewiesenen \u00dcbersetzers sowie den Inhalt selbst an Advanced Translation Editor und an die verwendeten \u00dcbersetzungsdienste.\r\n<h2>WPML Translation Management<\/h2>\r\nWPML Translation Management sendet die E-Mail-Adresse und den Namen jedes Managers und zugewiesenen \u00dcbersetzers sowie den Inhalt selbst an Advanced Translation Editor und an die verwendeten \u00dcbersetzungsdienste.\r\n<h2>WPML String Translation<\/h2>\r\nWPML String Translation sendet alle Strings an den Advanced Translation Editor von WPML und an die verwendeten \u00dcbersetzungsdienste.\r\n\r\n<\/div>\r\n<h2>Eingebete Inhalte von anderen Webseiten<\/h2>\r\nDie Artikel auf dieser Website k\u00f6nnen eingebettete Inhalte (z. B. Videos, Bilder, Artikel usw.) enthalten. Eingebettete Inhalte von anderen Websites verhalten sich genau so, als ob der Besucher die andere Website besucht h\u00e4tte.\r\n\r\nDiese Websites k\u00f6nnen Daten \u00fcber Sie sammeln, Cookies verwenden, zus\u00e4tzliche Trackingverfahren von Dritten einbetten und Ihre Interaktion mit diesem eingebetteten Inhalt \u00fcberwachen, einschlie\u00dflich der Verfolgung Ihrer Interaktion mit dem eingebetteten Inhalt, wenn Sie ein Konto haben und auf dieser Website angemeldet sind.\r\n<h2>Mit wem wir Ihre Daten teilen<\/h2>\r\nWenn Sie eine Kennwortr\u00fccksetzung anfordern, wird Ihre IP-Adresse in der R\u00fccksetzungs-E-Mail enthalten sein.\r\n<h2>Wie lange wir Ihre Daten aufbewahren<\/h2>\r\nWenn Sie einen Kommentar hinterlassen, werden der Kommentar und seine Metadaten auf unbestimmte Zeit gespeichert. Auf diese Weise k\u00f6nnen wir Folgekommentare automatisch erkennen und genehmigen, anstatt sie in einer Moderationswarteschlange zu halten.\r\n\r\nF\u00fcr Benutzer, die sich auf unserer Website registrieren (falls vorhanden), speichern wir auch die pers\u00f6nlichen Informationen, die sie in ihrem Benutzerprofil angeben. Alle Nutzer k\u00f6nnen ihre pers\u00f6nlichen Daten jederzeit einsehen, bearbeiten oder l\u00f6schen (sie k\u00f6nnen jedoch ihren Benutzernamen nicht \u00e4ndern). Auch die Administratoren der Website k\u00f6nnen diese Informationen einsehen und bearbeiten.\r\n<h2>Welche Rechte Sie in Bezug auf Ihre Daten haben<\/h2>\r\nWenn Sie ein Konto auf dieser Website haben oder Kommentare hinterlassen haben, k\u00f6nnen Sie eine exportierte Datei der personenbezogenen Daten anfordern, die wir \u00fcber Sie gespeichert haben, einschlie\u00dflich aller Daten, die Sie uns zur Verf\u00fcgung gestellt haben. Sie k\u00f6nnen auch verlangen, dass wir alle personenbezogenen Daten, die wir \u00fcber Sie gespeichert haben, l\u00f6schen. Davon ausgenommen sind Daten, die wir aus verwaltungstechnischen, rechtlichen oder sicherheitsrelevanten Gr\u00fcnden aufbewahren m\u00fcssen.\r\n\r\nSie haben das Recht, Ihre Einwilligung jederzeit zu widerrufen, indem Sie die Datenschutzeinstellungen \u00e4ndern.\r\n<h2>Wohin Ihre Daten gesendet werden<\/h2>\r\nBesucherkommentare k\u00f6nnen durch einen automatischen Spam-Erkennungsdienst \u00fcberpr\u00fcft werden.\t\t\t\t\t\t\t\t<\/div>\n\t\t\t\t<\/div>\n\t\t\t\t\t<\/div>\n\t\t<\/div>\n\t\t\t\t\t<\/div>\n\t\t<\/section>\n\t\t\t\t<\/div>\n\t\t","protected":false},"excerpt":{"rendered":"<p>Datenschutzerkl\u00e4rung Wer wir sind ICU tech GmbH Bahnhofstrasse 2 CH-3534 Signau Unsere E-Mail Adresse ist: sales@icutech.ch Unsere Adresse der Website ist: https:\/\/www.icuweblog.ch. Kommentare Wenn Besucher Kommentare auf der Website hinterlassen, erfassen wir die im Kommentarformular angezeigten Daten sowie die IP-Adresse des Besuchers und die Zeichenfolge des Browser-Benutzers, um die Spam-Erkennung zu unterst\u00fctzen. Eine anonymisierte Zeichenfolge,&hellip;&nbsp;<a href=\"https:\/\/legfit.ch\/de\/datenschutzerklaerung\/\" rel=\"bookmark\">Weiterlesen &raquo;<span class=\"screen-reader-text\">Datenschutzerkl\u00e4rung<\/span><\/a><\/p>\n","protected":false},"author":2,"featured_media":0,"parent":0,"menu_order":0,"comment_status":"closed","ping_status":"closed","template":"","meta":{"neve_meta_sidebar":"","neve_meta_container":"","neve_meta_enable_content_width":"","neve_meta_content_width":0,"neve_meta_title_alignment":"","neve_meta_author_avatar":"","neve_post_elements_order":"","neve_meta_disable_header":"","neve_meta_disable_footer":"","neve_meta_disable_title":"","footnotes":""},"class_list":["post-1380","page","type-page","status-publish","hentry"],"_links":{"self":[{"href":"https:\/\/legfit.ch\/de\/wp-json\/wp\/v2\/pages\/1380","targetHints":{"allow":["GET"]}}],"collection":[{"href":"https:\/\/legfit.ch\/de\/wp-json\/wp\/v2\/pages"}],"about":[{"href":"https:\/\/legfit.ch\/de\/wp-json\/wp\/v2\/types\/page"}],"author":[{"embeddable":true,"href":"https:\/\/legfit.ch\/de\/wp-json\/wp\/v2\/users\/2"}],"replies":[{"embeddable":true,"href":"https:\/\/legfit.ch\/de\/wp-json\/wp\/v2\/comments?post=1380"}],"version-history":[{"count":1,"href":"https:\/\/legfit.ch\/de\/wp-json\/wp\/v2\/pages\/1380\/revisions"}],"predecessor-version":[{"id":1381,"href":"https:\/\/legfit.ch\/de\/wp-json\/wp\/v2\/pages\/1380\/revisions\/1381"}],"wp:attachment":[{"href":"https:\/\/legfit.ch\/de\/wp-json\/wp\/v2\/media?parent=1380"}],"curies":[{"name":"wp","href":"https:\/\/api.w.org\/{rel}","templated":true}]}}